{"id":1431,"date":"2023-01-09T19:30:29","date_gmt":"2023-01-10T01:30:29","guid":{"rendered":"https:\/\/arpiproducciones.com\/?page_id=1431"},"modified":"2025-05-11T14:06:44","modified_gmt":"2025-05-11T20:06:44","slug":"animacion-3dy-modelado","status":"publish","type":"page","link":"https:\/\/arpiproducciones.com\/index.php\/servicios\/animacion-3dy-modelado\/","title":{"rendered":"ANIMACION Y MODELADO 3D"},"content":{"rendered":"<div class=\"wpb-content-wrapper\"><p>[vc_row css=&#8221;.vc_custom_1746665274545{margin-top: 75px !important;}&#8221;][vc_column][vc_column_text]Bajo nuestra direcci\u00f3n creativa y la ejecuci\u00f3n impecable de nuestro aliado estrat\u00e9gico, generamos el dise\u00f1o y desarrollo de modelos virtuales 3D, mediante el empleo de herramientas digitales dedicadas a la creaci\u00f3n de representaciones realistas.<\/p>\n<p>Hacemos animaciones para:<\/p>\n<p><strong>Recorridos Virtuales | Renders de Imagen | Animaci\u00f3n de Modelado 3D | Animaci\u00f3n de logotipos 2D y 3D <\/strong>[\/vc_column_text][\/vc_column][\/vc_row][vc_row][vc_column width=&#8221;1\/3&#8243;][vc_raw_html css=&#8221;&#8221;]JTNDZGl2JTIwc3R5bGUlM0QlMjJwb3NpdGlvbiUzQSUyMHJlbGF0aXZlJTNCJTIwcGFkZGluZy10b3AlM0ElMjA1Ni4yNSUyNSUzQiUyMiUzRSUzQ2lmcmFtZSUyMGlkJTNEJTIydmlkZW8xJTIyJTIwY2xhc3MlM0QlMjJidW5ueS12aWRlbyUyMiUyMHNyYyUzRCUyMmh0dHBzJTNBJTJGJTJGaWZyYW1lLm1lZGlhZGVsaXZlcnkubmV0JTJGZW1iZWQlMkY2OTI0OCUyRjE3ZTZkODc4LTUwNWUtNGY0My04N2Q2LWY0NWJkOTA3YzhiNCUzRmF1dG9wbGF5JTNEZmFsc2UlMjIlMjBsb2FkaW5nJTNEJTIybGF6eSUyMiUyMHN0eWxlJTNEJTIyYm9yZGVyJTNBJTIwbm9uZSUzQiUyMHBvc2l0aW9uJTNBJTIwYWJzb2x1dGUlM0IlMjB0b3AlM0ElMjAwJTNCJTIwaGVpZ2h0JTNBJTIwMTAwJTI1JTNCJTIwd2lkdGglM0ElMjAxMDAlMjUlM0IlMjIlMjBhbGxvdyUzRCUyMmFjY2VsZXJvbWV0ZXIlM0IlMjBneXJvc2NvcGUlM0IlMjBhdXRvcGxheSUzQiUyMGVuY3J5cHRlZC1tZWRpYSUzQiUyMHBpY3R1cmUtaW4tcGljdHVyZSUzQiUyMiUyMGFsbG93ZnVsbHNjcmVlbiUzRCUyMnRydWUlMjIlM0UlM0MlMkZpZnJhbWUlM0UlM0MlMkZkaXYlM0U=[\/vc_raw_html][\/vc_column][vc_column width=&#8221;1\/3&#8243;][vc_raw_html css=&#8221;&#8221;]JTNDZGl2JTIwc3R5bGUlM0QlMjJwb3NpdGlvbiUzQSUyMHJlbGF0aXZlJTNCJTIwcGFkZGluZy10b3AlM0ElMjA1Ni4yNSUyNSUzQiUyMiUzRSUzQ2lmcmFtZSUyMGlkJTNEJTIydmlkZW8yJTIyJTIwY2xhc3MlM0QlMjJidW5ueS12aWRlbyUyMiUyMHNyYyUzRCUyMmh0dHBzJTNBJTJGJTJGaWZyYW1lLm1lZGlhZGVsaXZlcnkubmV0JTJGZW1iZWQlMkY2OTI0OCUyRjFiYjM4MjczLWQ2MTYtNGQ5ZC1iZDliLTE0YzhkMjM0Y2JjYSUzRmF1dG9wbGF5JTNEZmFsc2UlMjIlMjBsb2FkaW5nJTNEJTIybGF6eSUyMiUyMHN0eWxlJTNEJTIyYm9yZGVyJTNBJTIwbm9uZSUzQiUyMHBvc2l0aW9uJTNBJTIwYWJzb2x1dGUlM0IlMjB0b3AlM0ElMjAwJTNCJTIwaGVpZ2h0JTNBJTIwMTAwJTI1JTNCJTIwd2lkdGglM0ElMjAxMDAlMjUlM0IlMjIlMjBhbGxvdyUzRCUyMmFjY2VsZXJvbWV0ZXIlM0IlMjBneXJvc2NvcGUlM0IlMjBhdXRvcGxheSUzQiUyMGVuY3J5cHRlZC1tZWRpYSUzQiUyMHBpY3R1cmUtaW4tcGljdHVyZSUzQiUyMiUyMGFsbG93ZnVsbHNjcmVlbiUzRCUyMnRydWUlMjIlM0UlM0MlMkZpZnJhbWUlM0UlM0MlMkZkaXYlM0U=[\/vc_raw_html][\/vc_column][vc_column width=&#8221;1\/3&#8243;][vc_raw_html css=&#8221;&#8221;]JTNDZGl2JTIwc3R5bGUlM0QlMjJwb3NpdGlvbiUzQSUyMHJlbGF0aXZlJTNCJTIwcGFkZGluZy10b3AlM0ElMjA1Ni4yNSUyNSUzQiUyMiUzRSUzQ2lmcmFtZSUyMGlkJTNEJTIydmlkZW8zJTIyJTIwY2xhc3MlM0QlMjJidW5ueS12aWRlbyUyMiUyMHNyYyUzRCUyMmh0dHBzJTNBJTJGJTJGaWZyYW1lLm1lZGlhZGVsaXZlcnkubmV0JTJGZW1iZWQlMkY2OTI0OCUyRmVlMmJjMTA1LWQ5YzctNDI0NC04YWE2LWM3MzkyYTY0NzJlNiUzRmF1dG9wbGF5JTNEZmFsc2UlMjIlMjBsb2FkaW5nJTNEJTIybGF6eSUyMiUyMHN0eWxlJTNEJTIyYm9yZGVyJTNBJTIwbm9uZSUzQiUyMHBvc2l0aW9uJTNBJTIwYWJzb2x1dGUlM0IlMjB0b3AlM0ElMjAwJTNCJTIwaGVpZ2h0JTNBJTIwMTAwJTI1JTNCJTIwd2lkdGglM0ElMjAxMDAlMjUlM0IlMjIlMjBhbGxvdyUzRCUyMmFjY2VsZXJvbWV0ZXIlM0IlMjBneXJvc2NvcGUlM0IlMjBhdXRvcGxheSUzQiUyMGVuY3J5cHRlZC1tZWRpYSUzQiUyMHBpY3R1cmUtaW4tcGljdHVyZSUzQiUyMiUyMGFsbG93ZnVsbHNjcmVlbiUzRCUyMnRydWUlMjIlM0UlM0MlMkZpZnJhbWUlM0UlM0MlMkZkaXYlM0U=[\/vc_raw_html][\/vc_column][\/vc_row][vc_row][vc_column width=&#8221;1\/3&#8243;][vc_raw_html css=&#8221;&#8221;]JTNDZGl2JTIwc3R5bGUlM0QlMjJwb3NpdGlvbiUzQSUyMHJlbGF0aXZlJTNCJTIwcGFkZGluZy10b3AlM0ElMjA1Ni4yNSUyNSUzQiUyMiUzRSUzQ2lmcmFtZSUyMGlkJTNEJTIydmlkZW80JTIyJTIwY2xhc3MlM0QlMjJidW5ueS12aWRlbyUyMiUyMHNyYyUzRCUyMmh0dHBzJTNBJTJGJTJGaWZyYW1lLm1lZGlhZGVsaXZlcnkubmV0JTJGZW1iZWQlMkY2OTI0OCUyRjg3YTc4NWM4LTdiZTItNGE0Ny04Y2Y2LTVhZmJiNzU1ODA0NyUzRmF1dG9wbGF5JTNEZmFsc2UlMjIlMjBsb2FkaW5nJTNEJTIybGF6eSUyMiUyMHN0eWxlJTNEJTIyYm9yZGVyJTNBJTIwbm9uZSUzQiUyMHBvc2l0aW9uJTNBJTIwYWJzb2x1dGUlM0IlMjB0b3AlM0ElMjAwJTNCJTIwaGVpZ2h0JTNBJTIwMTAwJTI1JTNCJTIwd2lkdGglM0ElMjAxMDAlMjUlM0IlMjIlMjBhbGxvdyUzRCUyMmFjY2VsZXJvbWV0ZXIlM0IlMjBneXJvc2NvcGUlM0IlMjBhdXRvcGxheSUzQiUyMGVuY3J5cHRlZC1tZWRpYSUzQiUyMHBpY3R1cmUtaW4tcGljdHVyZSUzQiUyMiUyMGFsbG93ZnVsbHNjcmVlbiUzRCUyMnRydWUlMjIlM0UlM0MlMkZpZnJhbWUlM0UlM0MlMkZkaXYlM0U=[\/vc_raw_html][\/vc_column][vc_column width=&#8221;1\/3&#8243;][vc_raw_html css=&#8221;&#8221;]JTNDZGl2JTIwc3R5bGUlM0QlMjJwb3NpdGlvbiUzQSUyMHJlbGF0aXZlJTNCJTIwcGFkZGluZy10b3AlM0ElMjA2Mi41JTI1JTNCJTIyJTNFJTNDaWZyYW1lJTIwaWQlM0QlMjJ2aWRlbzUlMjIlMjBjbGFzcyUzRCUyMmJ1bm55LXZpZGVvJTIyJTIwc3JjJTNEJTIyaHR0cHMlM0ElMkYlMkZpZnJhbWUubWVkaWFkZWxpdmVyeS5uZXQlMkZlbWJlZCUyRjY5MjQ4JTJGODczNGVkZjYtNmQwZC00ZTM0LThkMTgtYzY5OWE4NDk2MTE0JTNGYXV0b3BsYXklM0RmYWxzZSUyMiUyMGxvYWRpbmclM0QlMjJsYXp5JTIyJTIwc3R5bGUlM0QlMjJib3JkZXIlM0ElMjBub25lJTNCJTIwcG9zaXRpb24lM0ElMjBhYnNvbHV0ZSUzQiUyMHRvcCUzQSUyMDAlM0IlMjBoZWlnaHQlM0ElMjAxMDAlMjUlM0IlMjB3aWR0aCUzQSUyMDEwMCUyNSUzQiUyMiUyMGFsbG93JTNEJTIyYWNjZWxlcm9tZXRlciUzQiUyMGd5cm9zY29wZSUzQiUyMGF1dG9wbGF5JTNCJTIwZW5jcnlwdGVkLW1lZGlhJTNCJTIwcGljdHVyZS1pbi1waWN0dXJlJTNCJTIyJTIwYWxsb3dmdWxsc2NyZWVuJTNEJTIydHJ1ZSUyMiUzRSUzQyUyRmlmcmFtZSUzRSUzQyUyRmRpdiUzRQ==[\/vc_raw_html][\/vc_column][vc_column width=&#8221;1\/3&#8243;][vc_raw_html css=&#8221;&#8221;]JTNDZGl2JTIwc3R5bGUlM0QlMjJwb3NpdGlvbiUzQSUyMHJlbGF0aXZlJTNCJTIwcGFkZGluZy10b3AlM0ElMjA2Mi41JTI1JTNCJTIyJTNFJTNDaWZyYW1lJTIwaWQlM0QlMjJ2aWRlbzYlMjIlMjBjbGFzcyUzRCUyMmJ1bm55LXZpZGVvJTIyJTIwc3JjJTNEJTIyaHR0cHMlM0ElMkYlMkZpZnJhbWUubWVkaWFkZWxpdmVyeS5uZXQlMkZlbWJlZCUyRjY5MjQ4JTJGZjEyZjA1MjQtMDZjMC00ZThjLThmYWQtZjQ4OTAzMmQzM2RhJTNGYXV0b3BsYXklM0RmYWxzZSUyMiUyMGxvYWRpbmclM0QlMjJsYXp5JTIyJTIwc3R5bGUlM0QlMjJib3JkZXIlM0ElMjBub25lJTNCJTIwcG9zaXRpb24lM0ElMjBhYnNvbHV0ZSUzQiUyMHRvcCUzQSUyMDAlM0IlMjBoZWlnaHQlM0ElMjAxMDAlMjUlM0IlMjB3aWR0aCUzQSUyMDEwMCUyNSUzQiUyMiUyMGFsbG93JTNEJTIyYWNjZWxlcm9tZXRlciUzQiUyMGd5cm9zY29wZSUzQiUyMGF1dG9wbGF5JTNCJTIwZW5jcnlwdGVkLW1lZGlhJTNCJTIwcGljdHVyZS1pbi1waWN0dXJlJTNCJTIyJTIwYWxsb3dmdWxsc2NyZWVuJTNEJTIydHJ1ZSUyMiUzRSUzQyUyRmlmcmFtZSUzRSUzQyUyRmRpdiUzRQ==[\/vc_raw_html][\/vc_column][\/vc_row]<\/p>\n<\/div>","protected":false},"excerpt":{"rendered":"<p>[vc_row css=&#8221;.vc_custom_1746665274545{margin-top: 75px !important;}&#8221;][vc_column][vc_column_text]Bajo nuestra direcci\u00f3n creativa y la ejecuci\u00f3n impecable de nuestro aliado estrat\u00e9gico, generamos el dise\u00f1o y desarrollo de modelos virtuales 3D, mediante el empleo de herramientas digitales dedicadas a la creaci\u00f3n de representaciones realistas. Hacemos animaciones para: Recorridos Virtuales | Renders de Imagen | Animaci\u00f3n de Modelado 3D | Animaci\u00f3n de logotipos&hellip;<\/p>\n","protected":false},"author":1,"featured_media":0,"parent":1617,"menu_order":2,"comment_status":"closed","ping_status":"closed","template":"","meta":[],"_links":{"self":[{"href":"https:\/\/arpiproducciones.com\/index.php\/wp-json\/wp\/v2\/pages\/1431"}],"collection":[{"href":"https:\/\/arpiproducciones.com\/index.php\/wp-json\/wp\/v2\/pages"}],"about":[{"href":"https:\/\/arpiproducciones.com\/index.php\/wp-json\/wp\/v2\/types\/page"}],"author":[{"embeddable":true,"href":"https:\/\/arpiproducciones.com\/index.php\/wp-json\/wp\/v2\/users\/1"}],"replies":[{"embeddable":true,"href":"https:\/\/arpiproducciones.com\/index.php\/wp-json\/wp\/v2\/comments?post=1431"}],"version-history":[{"count":8,"href":"https:\/\/arpiproducciones.com\/index.php\/wp-json\/wp\/v2\/pages\/1431\/revisions"}],"predecessor-version":[{"id":1858,"href":"https:\/\/arpiproducciones.com\/index.php\/wp-json\/wp\/v2\/pages\/1431\/revisions\/1858"}],"up":[{"embeddable":true,"href":"https:\/\/arpiproducciones.com\/index.php\/wp-json\/wp\/v2\/pages\/1617"}],"wp:attachment":[{"href":"https:\/\/arpiproducciones.com\/index.php\/wp-json\/wp\/v2\/media?parent=1431"}],"curies":[{"name":"wp","href":"https:\/\/api.w.org\/{rel}","templated":true}]}}