{"id":1444,"date":"2023-01-09T20:08:24","date_gmt":"2023-01-10T02:08:24","guid":{"rendered":"https:\/\/arpiproducciones.com\/?page_id=1444"},"modified":"2025-10-12T18:20:09","modified_gmt":"2025-10-13T00:20:09","slug":"dron","status":"publish","type":"page","link":"https:\/\/arpiproducciones.com\/index.php\/servicios\/dron\/","title":{"rendered":"DRON"},"content":{"rendered":"<div class=\"wpb-content-wrapper\"><p>[vc_row css=&#8221;.vc_custom_1746665304973{margin-top: 75px !important;}&#8221;][vc_column][vc_column_text]Bajo nuestra direcci\u00f3n creativa y la ejecuci\u00f3n impecable de nuestro aliado estrat\u00e9gico, realizamos un levantamiento de imagen en video y fotograf\u00eda, exclusivo y \u00fanico desde una perspectiva diferente, que solo se logra mediante las opciones que nos brindan los diferentes tipos de Dron que manejamos.<\/p>\n<p>&nbsp;<\/p>\n<p style=\"text-align: center;\"><strong>Servicios que ofrecemos<br \/>\n<\/strong>Hyperlaps | Time Laps | Avances de Obra | Vuelos de reconocimiento de \u00c1reas | Fachadas | Vuelos de reconocimiento en interiores[\/vc_column_text][\/vc_column][\/vc_row][vc_row][vc_column width=&#8221;1\/3&#8243;][vc_raw_html css=&#8221;&#8221;]JTNDZGl2JTIwc3R5bGUlM0QlMjJwb3NpdGlvbiUzQSUyMHJlbGF0aXZlJTNCJTIwcGFkZGluZy10b3AlM0ElMjA1Ni4yNSUyNSUzQiUyMiUzRSUzQ2lmcmFtZSUyMGlkJTNEJTIydmlkZW83JTIyJTIwY2xhc3MlM0QlMjJidW5ueS12aWRlbyUyMiUyMHNyYyUzRCUyMmh0dHBzJTNBJTJGJTJGaWZyYW1lLm1lZGlhZGVsaXZlcnkubmV0JTJGZW1iZWQlMkY2OTI0OCUyRmM2YmE0YzNmLWYwNWYtNGIzMi1iZDhjLWUyY2E0ZTEyNGUxNiUzRmF1dG9wbGF5JTNEZmFsc2UlMjIlMjBsb2FkaW5nJTNEJTIybGF6eSUyMiUyMHN0eWxlJTNEJTIyYm9yZGVyJTNBJTIwbm9uZSUzQiUyMHBvc2l0aW9uJTNBJTIwYWJzb2x1dGUlM0IlMjB0b3AlM0ElMjAwJTNCJTIwaGVpZ2h0JTNBJTIwMTAwJTI1JTNCJTIwd2lkdGglM0ElMjAxMDAlMjUlM0IlMjIlMjBhbGxvdyUzRCUyMmFjY2VsZXJvbWV0ZXIlM0IlMjBneXJvc2NvcGUlM0IlMjBhdXRvcGxheSUzQiUyMGVuY3J5cHRlZC1tZWRpYSUzQiUyMHBpY3R1cmUtaW4tcGljdHVyZSUzQiUyMiUyMGFsbG93ZnVsbHNjcmVlbiUzRCUyMnRydWUlMjIlM0UlM0MlMkZpZnJhbWUlM0UlM0MlMkZkaXYlM0U=[\/vc_raw_html][\/vc_column][vc_column width=&#8221;1\/3&#8243;][vc_raw_html css=&#8221;&#8221;]JTNDZGl2JTIwc3R5bGUlM0QlMjJwb3NpdGlvbiUzQSUyMHJlbGF0aXZlJTNCJTIwcGFkZGluZy10b3AlM0ElMjA1Ni4yNSUyNSUzQiUyMiUzRSUzQ2lmcmFtZSUyMGlkJTNEJTIydmlkZW84JTIyJTIwY2xhc3MlM0QlMjJidW5ueS12aWRlbyUyMiUyMHNyYyUzRCUyMmh0dHBzJTNBJTJGJTJGaWZyYW1lLm1lZGlhZGVsaXZlcnkubmV0JTJGZW1iZWQlMkY2OTI0OCUyRmIwNDUyMDAyLTYyY2QtNDI4NC05MGE2LWRiZjQyMWE2MjQ2OSUzRmF1dG9wbGF5JTNEZmFsc2UlMjIlMjBsb2FkaW5nJTNEJTIybGF6eSUyMiUyMHN0eWxlJTNEJTIyYm9yZGVyJTNBJTIwbm9uZSUzQiUyMHBvc2l0aW9uJTNBJTIwYWJzb2x1dGUlM0IlMjB0b3AlM0ElMjAwJTNCJTIwaGVpZ2h0JTNBJTIwMTAwJTI1JTNCJTIwd2lkdGglM0ElMjAxMDAlMjUlM0IlMjIlMjBhbGxvdyUzRCUyMmFjY2VsZXJvbWV0ZXIlM0IlMjBneXJvc2NvcGUlM0IlMjBhdXRvcGxheSUzQiUyMGVuY3J5cHRlZC1tZWRpYSUzQiUyMHBpY3R1cmUtaW4tcGljdHVyZSUzQiUyMiUyMGFsbG93ZnVsbHNjcmVlbiUzRCUyMnRydWUlMjIlM0UlM0MlMkZpZnJhbWUlM0UlM0MlMkZkaXYlM0U=[\/vc_raw_html][\/vc_column][vc_column width=&#8221;1\/3&#8243;][vc_raw_html css=&#8221;&#8221;]JTNDZGl2JTIwc3R5bGUlM0QlMjJwb3NpdGlvbiUzQSUyMHJlbGF0aXZlJTNCJTIwcGFkZGluZy10b3AlM0ElMjA1Ni4yNSUyNSUzQiUyMiUzRSUzQ2lmcmFtZSUyMGlkJTNEJTIydmlkZW85JTIyJTIwY2xhc3MlM0QlMjJidW5ueS12aWRlbyUyMiUyMHNyYyUzRCUyMmh0dHBzJTNBJTJGJTJGaWZyYW1lLm1lZGlhZGVsaXZlcnkubmV0JTJGZW1iZWQlMkY2OTI0OCUyRjk2Nzc0ZmFkLTQyNDEtNDZjNi05NGEwLTBmMDNiZGU3YzIyYSUzRmF1dG9wbGF5JTNEZmFsc2UlMjIlMjBsb2FkaW5nJTNEJTIybGF6eSUyMiUyMHN0eWxlJTNEJTIyYm9yZGVyJTNBJTIwbm9uZSUzQiUyMHBvc2l0aW9uJTNBJTIwYWJzb2x1dGUlM0IlMjB0b3AlM0ElMjAwJTNCJTIwaGVpZ2h0JTNBJTIwMTAwJTI1JTNCJTIwd2lkdGglM0ElMjAxMDAlMjUlM0IlMjIlMjBhbGxvdyUzRCUyMmFjY2VsZXJvbWV0ZXIlM0IlMjBneXJvc2NvcGUlM0IlMjBhdXRvcGxheSUzQiUyMGVuY3J5cHRlZC1tZWRpYSUzQiUyMHBpY3R1cmUtaW4tcGljdHVyZSUzQiUyMiUyMGFsbG93ZnVsbHNjcmVlbiUzRCUyMnRydWUlMjIlM0UlM0MlMkZpZnJhbWUlM0UlM0MlMkZkaXYlM0U=[\/vc_raw_html][\/vc_column][\/vc_row][vc_row][vc_column width=&#8221;1\/3&#8243;][vc_raw_html css=&#8221;&#8221;]JTNDZGl2JTIwc3R5bGUlM0QlMjJwb3NpdGlvbiUzQSUyMHJlbGF0aXZlJTNCJTIwcGFkZGluZy10b3AlM0ElMjA3NSUyNSUzQiUyMiUzRSUzQ2lmcmFtZSUyMGlkJTNEJTIydmlkZW8xMCUyMiUyMGNsYXNzJTNEJTIyYnVubnktdmlkZW8lMjIlMjBzcmMlM0QlMjJodHRwcyUzQSUyRiUyRmlmcmFtZS5tZWRpYWRlbGl2ZXJ5Lm5ldCUyRmVtYmVkJTJGNjkyNDglMkY1NDFjMzUyZi0xYjY5LTQ2ZTAtOWQwNS04YzMwZDNlZjE1M2YlM0ZhdXRvcGxheSUzRGZhbHNlJTIyJTIwbG9hZGluZyUzRCUyMmxhenklMjIlMjBzdHlsZSUzRCUyMmJvcmRlciUzQSUyMG5vbmUlM0IlMjBwb3NpdGlvbiUzQSUyMGFic29sdXRlJTNCJTIwdG9wJTNBJTIwMCUzQiUyMGhlaWdodCUzQSUyMDEwMCUyNSUzQiUyMHdpZHRoJTNBJTIwMTAwJTI1JTNCJTIyJTIwYWxsb3clM0QlMjJhY2NlbGVyb21ldGVyJTNCJTIwZ3lyb3Njb3BlJTNCJTIwYXV0b3BsYXklM0IlMjBlbmNyeXB0ZWQtbWVkaWElM0IlMjBwaWN0dXJlLWluLXBpY3R1cmUlM0IlMjIlMjBhbGxvd2Z1bGxzY3JlZW4lM0QlMjJ0cnVlJTIyJTNFJTNDJTJGaWZyYW1lJTNFJTNDJTJGZGl2JTNF[\/vc_raw_html][\/vc_column][vc_column width=&#8221;1\/3&#8243;][vc_raw_html css=&#8221;&#8221;]JTNDZGl2JTIwc3R5bGUlM0QlMjJwb3NpdGlvbiUzQSUyMHJlbGF0aXZlJTNCJTIwcGFkZGluZy10b3AlM0ElMjA3NSUyNSUzQiUyMiUzRSUzQ2lmcmFtZSUyMGlkJTNEJTIydmlkZW8xMSUyMiUyMGNsYXNzJTNEJTIyYnVubnktdmlkZW8lMjIlMjBzcmMlM0QlMjJodHRwcyUzQSUyRiUyRmlmcmFtZS5tZWRpYWRlbGl2ZXJ5Lm5ldCUyRmVtYmVkJTJGNjkyNDglMkZiZmRjOGUwOC02YzBiLTQwNjQtYjk4Yi04MzdlMjgwZjlkNzIlM0ZhdXRvcGxheSUzRGZhbHNlJTIyJTIwbG9hZGluZyUzRCUyMmxhenklMjIlMjBzdHlsZSUzRCUyMmJvcmRlciUzQSUyMG5vbmUlM0IlMjBwb3NpdGlvbiUzQSUyMGFic29sdXRlJTNCJTIwdG9wJTNBJTIwMCUzQiUyMGhlaWdodCUzQSUyMDEwMCUyNSUzQiUyMHdpZHRoJTNBJTIwMTAwJTI1JTNCJTIyJTIwYWxsb3clM0QlMjJhY2NlbGVyb21ldGVyJTNCJTIwZ3lyb3Njb3BlJTNCJTIwYXV0b3BsYXklM0IlMjBlbmNyeXB0ZWQtbWVkaWElM0IlMjBwaWN0dXJlLWluLXBpY3R1cmUlM0IlMjIlMjBhbGxvd2Z1bGxzY3JlZW4lM0QlMjJ0cnVlJTIyJTNFJTNDJTJGaWZyYW1lJTNFJTNDJTJGZGl2JTNF[\/vc_raw_html][\/vc_column][vc_column width=&#8221;1\/3&#8243;][\/vc_column][\/vc_row]<\/p>\n<\/div>","protected":false},"excerpt":{"rendered":"<p>[vc_row css=&#8221;.vc_custom_1746665304973{margin-top: 75px !important;}&#8221;][vc_column][vc_column_text]Bajo nuestra direcci\u00f3n creativa y la ejecuci\u00f3n impecable de nuestro aliado estrat\u00e9gico, realizamos un levantamiento de imagen en video y fotograf\u00eda, exclusivo y \u00fanico desde una perspectiva diferente, que solo se logra mediante las opciones que nos brindan los diferentes tipos de Dron que manejamos. &nbsp; Servicios que ofrecemos Hyperlaps | Time&hellip;<\/p>\n","protected":false},"author":1,"featured_media":0,"parent":1617,"menu_order":3,"comment_status":"closed","ping_status":"closed","template":"","meta":[],"_links":{"self":[{"href":"https:\/\/arpiproducciones.com\/index.php\/wp-json\/wp\/v2\/pages\/1444"}],"collection":[{"href":"https:\/\/arpiproducciones.com\/index.php\/wp-json\/wp\/v2\/pages"}],"about":[{"href":"https:\/\/arpiproducciones.com\/index.php\/wp-json\/wp\/v2\/types\/page"}],"author":[{"embeddable":true,"href":"https:\/\/arpiproducciones.com\/index.php\/wp-json\/wp\/v2\/users\/1"}],"replies":[{"embeddable":true,"href":"https:\/\/arpiproducciones.com\/index.php\/wp-json\/wp\/v2\/comments?post=1444"}],"version-history":[{"count":9,"href":"https:\/\/arpiproducciones.com\/index.php\/wp-json\/wp\/v2\/pages\/1444\/revisions"}],"predecessor-version":[{"id":1903,"href":"https:\/\/arpiproducciones.com\/index.php\/wp-json\/wp\/v2\/pages\/1444\/revisions\/1903"}],"up":[{"embeddable":true,"href":"https:\/\/arpiproducciones.com\/index.php\/wp-json\/wp\/v2\/pages\/1617"}],"wp:attachment":[{"href":"https:\/\/arpiproducciones.com\/index.php\/wp-json\/wp\/v2\/media?parent=1444"}],"curies":[{"name":"wp","href":"https:\/\/api.w.org\/{rel}","templated":true}]}}