{"id":1455,"date":"2023-01-10T20:16:20","date_gmt":"2023-01-11T02:16:20","guid":{"rendered":"https:\/\/arpiproducciones.com\/?page_id=1455"},"modified":"2025-05-07T18:49:29","modified_gmt":"2025-05-08T00:49:29","slug":"fotografia","status":"publish","type":"page","link":"https:\/\/arpiproducciones.com\/index.php\/servicios\/fotografia\/","title":{"rendered":"FOTOGRAFIA"},"content":{"rendered":"<div class=\"wpb-content-wrapper\"><p>[vc_row css=&#8221;.vc_custom_1746665364998{margin-top: 75px !important;}&#8221;][vc_column][vc_column_text]Est\u00e1 comprobado que una imagen vale m\u00e1s que mil palabras. A trav\u00e9s de ella contamos una historia y creamos una experiencia visual, como parte de una estrategia eficaz y atractiva. Con la Fotograf\u00eda trasmitimos sentimientos, necesidades y emociones mediante\u00a0 im\u00e1genes; esa es la esencia de la fotograf\u00eda comercial y social.<\/p>\n<p style=\"text-align: center;\"><strong>Servicios que brindamos<\/strong><\/p>\n<p style=\"text-align: center;\">Fotograf\u00eda de Producto | Fotograf\u00eca a\u00e9rea (Dron) | Fotograf\u00eda Comercial | Fotograf\u00eda en eventos<\/p>\n<p>[\/vc_column_text][vc_masonry_media_grid css=&#8221;&#8221; grid_id=&#8221;vc_gid:1746665346796-a4070f61aa7a50fb8caa7db8b9008531-4&#8243; include=&#8221;1782,1783,1784,1785,1786,1787,1788,1789,1790,1791,1792,1793,1754,1755,1756,1757,1758,1759,1760,1761,1762,1763,1764,1765,1766,1767,1768,1769,1770,1771,1772,1773,1774,1775,1776,1777,1778,1779,1780,1781&#8243;][\/vc_column][\/vc_row]<\/p>\n<\/div>","protected":false},"excerpt":{"rendered":"<p>[vc_row css=&#8221;.vc_custom_1746665364998{margin-top: 75px !important;}&#8221;][vc_column][vc_column_text]Est\u00e1 comprobado que una imagen vale m\u00e1s que mil palabras. A trav\u00e9s de ella contamos una historia y creamos una experiencia visual, como parte de una estrategia eficaz y atractiva. Con la Fotograf\u00eda trasmitimos sentimientos, necesidades y emociones mediante\u00a0 im\u00e1genes; esa es la esencia de la fotograf\u00eda comercial y social. Servicios que&hellip;<\/p>\n","protected":false},"author":1,"featured_media":0,"parent":1617,"menu_order":4,"comment_status":"closed","ping_status":"closed","template":"","meta":[],"_links":{"self":[{"href":"https:\/\/arpiproducciones.com\/index.php\/wp-json\/wp\/v2\/pages\/1455"}],"collection":[{"href":"https:\/\/arpiproducciones.com\/index.php\/wp-json\/wp\/v2\/pages"}],"about":[{"href":"https:\/\/arpiproducciones.com\/index.php\/wp-json\/wp\/v2\/types\/page"}],"author":[{"embeddable":true,"href":"https:\/\/arpiproducciones.com\/index.php\/wp-json\/wp\/v2\/users\/1"}],"replies":[{"embeddable":true,"href":"https:\/\/arpiproducciones.com\/index.php\/wp-json\/wp\/v2\/comments?post=1455"}],"version-history":[{"count":9,"href":"https:\/\/arpiproducciones.com\/index.php\/wp-json\/wp\/v2\/pages\/1455\/revisions"}],"predecessor-version":[{"id":1799,"href":"https:\/\/arpiproducciones.com\/index.php\/wp-json\/wp\/v2\/pages\/1455\/revisions\/1799"}],"up":[{"embeddable":true,"href":"https:\/\/arpiproducciones.com\/index.php\/wp-json\/wp\/v2\/pages\/1617"}],"wp:attachment":[{"href":"https:\/\/arpiproducciones.com\/index.php\/wp-json\/wp\/v2\/media?parent=1455"}],"curies":[{"name":"wp","href":"https:\/\/api.w.org\/{rel}","templated":true}]}}