{"id":1627,"date":"2023-02-04T10:59:16","date_gmt":"2023-02-04T16:59:16","guid":{"rendered":"https:\/\/arpiproducciones.com\/?page_id=1627"},"modified":"2025-05-06T18:57:22","modified_gmt":"2025-05-07T00:57:22","slug":"nosotros","status":"publish","type":"page","link":"https:\/\/arpiproducciones.com\/index.php\/nosotros\/","title":{"rendered":"NOSOTROS"},"content":{"rendered":"<div class=\"wpb-content-wrapper\"><p>[vc_row content_placement=&#8221;middle&#8221; css=&#8221;.vc_custom_1746579439068{margin-top: 75px !important;}&#8221;][vc_column width=&#8221;1\/2&#8243;][vc_raw_html]JTNDaDIlM0UlQzIlQkZRdWllbmVzJTIwU29tb3MlM0YlM0NoMiUzRQ==[\/vc_raw_html][vc_column_text]Somos una productora de imagen visual y auditiva, que cuenta con un equipo de trabajo\u00a0 profesional, din\u00e1mico y sobre todo con mucha vocaci\u00f3n. Nos gusta nuestro trabajo e\u00a0 intentamos plasmarlo y trasmitirlo en cada proyecto.[\/vc_column_text][\/vc_column][vc_column width=&#8221;1\/2&#8243;][vc_raw_html css=&#8221;&#8221;]JTNDZGl2JTIwc3R5bGUlM0QlMjJwb3NpdGlvbiUzQXJlbGF0aXZlJTNCcGFkZGluZy10b3AlM0E1Ni4yNSUyNSUzQiUyMiUzRSUzQ2lmcmFtZSUyMHNyYyUzRCUyMmh0dHBzJTNBJTJGJTJGaWZyYW1lLm1lZGlhZGVsaXZlcnkubmV0JTJGZW1iZWQlMkY2OTI0OCUyRmZhYjQ5MWFhLWQ3MTItNGE2Zi04Yjk2LTVkNDMwNzk2MDE1ZiUzRmF1dG9wbGF5JTNEZmFsc2UlMjZsb29wJTNEZmFsc2UlMjZtdXRlZCUzRGZhbHNlJTI2cHJlbG9hZCUzRHRydWUlMjZyZXNwb25zaXZlJTNEdHJ1ZSUyMiUyMGxvYWRpbmclM0QlMjJsYXp5JTIyJTIwc3R5bGUlM0QlMjJib3JkZXIlM0EwJTNCcG9zaXRpb24lM0FhYnNvbHV0ZSUzQnRvcCUzQTAlM0JoZWlnaHQlM0ExMDAlMjUlM0J3aWR0aCUzQTEwMCUyNSUzQiUyMiUyMGFsbG93JTNEJTIyYWNjZWxlcm9tZXRlciUzQmd5cm9zY29wZSUzQmF1dG9wbGF5JTNCZW5jcnlwdGVkLW1lZGlhJTNCcGljdHVyZS1pbi1waWN0dXJlJTNCJTIyJTIwYWxsb3dmdWxsc2NyZWVuJTNEJTIydHJ1ZSUyMiUzRSUzQyUyRmlmcmFtZSUzRSUzQyUyRmRpdiUzRQ==[\/vc_raw_html][\/vc_column][\/vc_row][vc_row][vc_column width=&#8221;1\/2&#8243;][vc_column_text]<\/p>\n<h3><strong>MISION<\/strong><\/h3>\n<p>Proporcionar a nuestros clientes diversas opciones de producci\u00f3n para proyectar y posicionar dentro de su ramo la imagen de su empresa. Dej\u00e1ndole claro al espectador que se trata de una empresa profesional y comprometida con la satisfacci\u00f3n total de las necesidades de sus clientes.<\/p>\n<h3><strong>VISION<\/strong><\/h3>\n<p>Ser el soporte de nuestros clientes para proyectar, renovar y mantener la imagen institucional de sus negocios a la vanguardia.[\/vc_column_text][\/vc_column][vc_column width=&#8221;1\/2&#8243;][vc_column_text]<\/p>\n<h3><strong>VALORES<\/strong><\/h3>\n<p>Atenci\u00f3n al cliente<\/p>\n<p>La comunicaci\u00f3n es el \u00e9xito de toda relaci\u00f3n, por ello mejoramos nuestros procesos constantemente para dar lo mejor de nosotros mismos en cada proyecto.<\/p>\n<p><strong>Dinamismo<\/strong><\/p>\n<p>Somos gente activa y emprendedora, que act\u00faa con prontitud, diligencia y energ\u00eda, para satisfacer exitosamente las necesidades de nuestros clientes<\/p>\n<p><strong>Vocaci\u00f3n<\/strong><\/p>\n<p>Damos lo mejor de nosotros mismos en el desarrollo y producci\u00f3n de cada proyecto, convirtiendo esta pasi\u00f3n en nuestro modo de vida.<\/p>\n<p><strong>Innovaci\u00f3n<\/strong><\/p>\n<p>El mundo cambia r\u00e1pido, por ello nuestro equipo humano y tecnol\u00f3gico de producci\u00f3n permanece a la vanguardia ante las nuevas tecnolog\u00edas.[\/vc_column_text][\/vc_column][\/vc_row]<\/p>\n<\/div>","protected":false},"excerpt":{"rendered":"<p>[vc_row content_placement=&#8221;middle&#8221; css=&#8221;.vc_custom_1746579439068{margin-top: 75px !important;}&#8221;][vc_column width=&#8221;1\/2&#8243;][vc_raw_html]JTNDaDIlM0UlQzIlQkZRdWllbmVzJTIwU29tb3MlM0YlM0NoMiUzRQ==[\/vc_raw_html][vc_column_text]Somos una productora de imagen visual y auditiva, que cuenta con un equipo de trabajo\u00a0 profesional, din\u00e1mico y sobre todo con mucha vocaci\u00f3n. Nos gusta nuestro trabajo e\u00a0 intentamos plasmarlo y trasmitirlo en cada proyecto.[\/vc_column_text][\/vc_column][vc_column width=&#8221;1\/2&#8243;][vc_raw_html css=&#8221;&#8221;]JTNDZGl2JTIwc3R5bGUlM0QlMjJwb3NpdGlvbiUzQXJlbGF0aXZlJTNCcGFkZGluZy10b3AlM0E1Ni4yNSUyNSUzQiUyMiUzRSUzQ2lmcmFtZSUyMHNyYyUzRCUyMmh0dHBzJTNBJTJGJTJGaWZyYW1lLm1lZGlhZGVsaXZlcnkubmV0JTJGZW1iZWQlMkY2OTI0OCUyRmZhYjQ5MWFhLWQ3MTItNGE2Zi04Yjk2LTVkNDMwNzk2MDE1ZiUzRmF1dG9wbGF5JTNEZmFsc2UlMjZsb29wJTNEZmFsc2UlMjZtdXRlZCUzRGZhbHNlJTI2cHJlbG9hZCUzRHRydWUlMjZyZXNwb25zaXZlJTNEdHJ1ZSUyMiUyMGxvYWRpbmclM0QlMjJsYXp5JTIyJTIwc3R5bGUlM0QlMjJib3JkZXIlM0EwJTNCcG9zaXRpb24lM0FhYnNvbHV0ZSUzQnRvcCUzQTAlM0JoZWlnaHQlM0ExMDAlMjUlM0J3aWR0aCUzQTEwMCUyNSUzQiUyMiUyMGFsbG93JTNEJTIyYWNjZWxlcm9tZXRlciUzQmd5cm9zY29wZSUzQmF1dG9wbGF5JTNCZW5jcnlwdGVkLW1lZGlhJTNCcGljdHVyZS1pbi1waWN0dXJlJTNCJTIyJTIwYWxsb3dmdWxsc2NyZWVuJTNEJTIydHJ1ZSUyMiUzRSUzQyUyRmlmcmFtZSUzRSUzQyUyRmRpdiUzRQ==[\/vc_raw_html][\/vc_column][\/vc_row][vc_row][vc_column width=&#8221;1\/2&#8243;][vc_column_text] MISION Proporcionar a nuestros clientes diversas opciones de producci\u00f3n para proyectar y&hellip;<\/p>\n","protected":false},"author":1,"featured_media":0,"parent":0,"menu_order":3,"comment_status":"closed","ping_status":"closed","template":"","meta":[],"_links":{"self":[{"href":"https:\/\/arpiproducciones.com\/index.php\/wp-json\/wp\/v2\/pages\/1627"}],"collection":[{"href":"https:\/\/arpiproducciones.com\/index.php\/wp-json\/wp\/v2\/pages"}],"about":[{"href":"https:\/\/arpiproducciones.com\/index.php\/wp-json\/wp\/v2\/types\/page"}],"author":[{"embeddable":true,"href":"https:\/\/arpiproducciones.com\/index.php\/wp-json\/wp\/v2\/users\/1"}],"replies":[{"embeddable":true,"href":"https:\/\/arpiproducciones.com\/index.php\/wp-json\/wp\/v2\/comments?post=1627"}],"version-history":[{"count":7,"href":"https:\/\/arpiproducciones.com\/index.php\/wp-json\/wp\/v2\/pages\/1627\/revisions"}],"predecessor-version":[{"id":1753,"href":"https:\/\/arpiproducciones.com\/index.php\/wp-json\/wp\/v2\/pages\/1627\/revisions\/1753"}],"wp:attachment":[{"href":"https:\/\/arpiproducciones.com\/index.php\/wp-json\/wp\/v2\/media?parent=1627"}],"curies":[{"name":"wp","href":"https:\/\/api.w.org\/{rel}","templated":true}]}}