{"id":1684,"date":"2023-02-14T06:29:46","date_gmt":"2023-02-14T12:29:46","guid":{"rendered":"https:\/\/arpiproducciones.com\/?page_id=1684"},"modified":"2025-09-10T06:47:30","modified_gmt":"2025-09-10T12:47:30","slug":"diseno-grafico","status":"publish","type":"page","link":"https:\/\/arpiproducciones.com\/index.php\/servicios\/diseno-grafico\/","title":{"rendered":"DISE\u00d1O GRAFICO"},"content":{"rendered":"<div class=\"wpb-content-wrapper\"><p>[vc_row css=&#8221;.vc_custom_1746665472178{margin-top: 75px !important;}&#8221;][vc_column][vc_column_text]Bajo nuestra direcci\u00f3n creativa y la ejecuci\u00f3n impecable de nuestro aliado estrat\u00e9gico, trabajamos con el objetivo de crearle al cliente su imagen corporativa propia, para proyectar y posicionar una marca dentro de su mercado meta. Originando as\u00ed la percepci\u00f3n adecuada en los consumidores.<\/p>\n<p style=\"text-align: center;\"><strong>SERVICIOS<\/strong><\/p>\n<p>[\/vc_column_text]<div class=\"standard-arrow list-divider bullet-top\"><ul>\n<li>\n<h4>Desarrollo de imagen corporativa<\/h4>\n<\/li>\n<li>\n<h4>Dise\u00f1o de logo<\/h4>\n<\/li>\n<li>\n<h4>Redise\u00f1o de logo<\/h4>\n<\/li>\n<li>\n<h4>Flyer \/ Pos<\/h4>\n<\/li>\n<\/ul>\n<\/div>[\/vc_column][\/vc_row]<\/p>\n<\/div>","protected":false},"excerpt":{"rendered":"<p>[vc_row css=&#8221;.vc_custom_1746665472178{margin-top: 75px !important;}&#8221;][vc_column][vc_column_text]Bajo nuestra direcci\u00f3n creativa y la ejecuci\u00f3n impecable de nuestro aliado estrat\u00e9gico, trabajamos con el objetivo de crearle al cliente su imagen corporativa propia, para proyectar y posicionar una marca dentro de su mercado meta. Originando as\u00ed la percepci\u00f3n adecuada en los consumidores. SERVICIOS [\/vc_column_text][\/vc_column][\/vc_row]<\/p>\n","protected":false},"author":1,"featured_media":0,"parent":1617,"menu_order":8,"comment_status":"closed","ping_status":"closed","template":"","meta":[],"_links":{"self":[{"href":"https:\/\/arpiproducciones.com\/index.php\/wp-json\/wp\/v2\/pages\/1684"}],"collection":[{"href":"https:\/\/arpiproducciones.com\/index.php\/wp-json\/wp\/v2\/pages"}],"about":[{"href":"https:\/\/arpiproducciones.com\/index.php\/wp-json\/wp\/v2\/types\/page"}],"author":[{"embeddable":true,"href":"https:\/\/arpiproducciones.com\/index.php\/wp-json\/wp\/v2\/users\/1"}],"replies":[{"embeddable":true,"href":"https:\/\/arpiproducciones.com\/index.php\/wp-json\/wp\/v2\/comments?post=1684"}],"version-history":[{"count":5,"href":"https:\/\/arpiproducciones.com\/index.php\/wp-json\/wp\/v2\/pages\/1684\/revisions"}],"predecessor-version":[{"id":1862,"href":"https:\/\/arpiproducciones.com\/index.php\/wp-json\/wp\/v2\/pages\/1684\/revisions\/1862"}],"up":[{"embeddable":true,"href":"https:\/\/arpiproducciones.com\/index.php\/wp-json\/wp\/v2\/pages\/1617"}],"wp:attachment":[{"href":"https:\/\/arpiproducciones.com\/index.php\/wp-json\/wp\/v2\/media?parent=1684"}],"curies":[{"name":"wp","href":"https:\/\/api.w.org\/{rel}","templated":true}]}}