{"id":1686,"date":"2023-02-14T06:30:24","date_gmt":"2023-02-14T12:30:24","guid":{"rendered":"https:\/\/arpiproducciones.com\/?page_id=1686"},"modified":"2025-05-07T18:51:53","modified_gmt":"2025-05-08T00:51:53","slug":"desarrollo-web","status":"publish","type":"page","link":"https:\/\/arpiproducciones.com\/index.php\/servicios\/desarrollo-web\/","title":{"rendered":"DESARROLLO WEB"},"content":{"rendered":"<div class=\"wpb-content-wrapper\"><p>[vc_row css=&#8221;.vc_custom_1746665510183{margin-top: 75px !important;}&#8221;][vc_column][vc_column_text css=&#8221;&#8221;]Bajo nuestra direcci\u00f3n creativa y la ejecuci\u00f3n impecable de nuestro aliado estrat\u00e9gico, ayudamos a nuestros clientes a hacerse notar y lograr que los conozcan. Contar con un sitio web eleva su prestigio y a la vez permite que los clientes aumenten su nivel de confianza en su negocio, proyecto o marca. Automatiza sus procesos y consigue ser la primera opci\u00f3n en los buscadores de internet.<\/p>\n<p style=\"text-align: center;\"><strong>SERVICIOS<\/strong><\/p>\n<p>[\/vc_column_text]<div class=\"standard-arrow list-divider bullet-top\"><ul>\n<li>\u00a0Sitios web Institucionales, comerciales y personales.<\/li>\n<li>Tienda en l\u00ednea (ecomerce<\/li>\n<li>Generaci\u00f3n de correos electr\u00f3nicos<\/li>\n<li>Dominio y hospedaje de sitios web<\/li>\n<\/ul>\n<\/div>[vc_separator color=&#8221;peacoc&#8221; border_width=&#8221;3&#8243;][\/vc_column][\/vc_row][vc_row content_placement=&#8221;middle&#8221;][vc_column width=&#8221;1\/2&#8243;][vc_raw_html]JTNDaDMlM0VEZXNhcnJvbGxvJTIwV0VCJTIwUmVzcG9uc2l2byUzQyUyRmgzJTNF[\/vc_raw_html][vc_column_text]En la actualidad mas del 50% del trafico de un sitio web viene de un dispositivo movil, tu sitio tiene que ser perfecto para cualquier dispositivo, sea de escritorio, tableta o movil, todo comienza con un dise\u00f1o responsivo.<\/p>\n<p>El dise\u00f1o web responsivo le permite al sitio web adaptarse y crear una experiencia optima en cualquier dispositivo. Esto significa que tu sitio se vera excelente, profesional y serio.<\/p>\n<p>Cada sitio que elaboramos en ARPI Producciones utiliza dise\u00f1os web responsivos.[\/vc_column_text]<div class=\"standard-arrow list-divider bullet-top\"><ul>\n<li>Amigable con cualquier tipo de dispositivo<\/li>\n<li>Dise\u00f1o para cada dispositivo<\/li>\n<li>UX positivo (User Experience)<\/li>\n<li>Ayuda al SEO (Search Engine Optimization)<\/li>\n<\/ul>\n<\/div>[\/vc_column][vc_column width=&#8221;1\/2&#8243;][vc_single_image image=&#8221;1691&#8243; img_size=&#8221;full&#8221;][\/vc_column][\/vc_row][vc_row content_placement=&#8221;middle&#8221;][vc_column width=&#8221;1\/2&#8243;][vc_single_image image=&#8221;1694&#8243; img_size=&#8221;full&#8221;][\/vc_column][vc_column width=&#8221;1\/2&#8243;][vc_raw_html]JTNDaDMlM0VTRU8lMjBPcHRpbWl6YWNpJUMzJUIzbiUyMGVuJTIwTW90b3JlcyUyMGRlJTIwQiVDMyVCQXNxdWVkYSUzQyUyRmgzJTNF[\/vc_raw_html][vc_column_text]El posicionamiento web es una parte fundamental de tu sitio web, un buen posicionamiento de la mano de un buen dise\u00f1o puede colocar tu sitio web en los mejores lugares de los buscadores de internet, esto significa mas tr\u00e1fico y mas clientes potenciales.<\/p>\n<p>En ARPI Producciones aplicamos las mejores practicas para optimizaci\u00f3n de SEO en cualquier tipo de proyecto.[\/vc_column_text]<div class=\"standard-arrow list-divider bullet-top\"><ul>\n<li>Excelente arquitectura de programaci\u00f3n<\/li>\n<li>La mejor velocidad de carga del servidos<\/li>\n<li>Codificaci\u00f3n moderna<\/li>\n<\/ul>\n<\/div>[\/vc_column][\/vc_row][vc_row content_placement=&#8221;middle&#8221; css=&#8221;.vc_custom_1676426013909{padding-bottom: 100px !important;}&#8221;][vc_column width=&#8221;1\/2&#8243;][vc_raw_html]JTNDaDMlM0VDb3JyZW9zJTIwQ29ycG9yYXRpdm9zJTNDJTJGaDMlM0U=[\/vc_raw_html][vc_column_text]Tu empresa debe dejar de usar correos hotmail, gmail o yahoo mail inmediatamente, no refleja ni inspira profesionalismo o seriedad en el negocio, los correos corporativos te permiten tener correos con dominio personalizado, ejemplo:<\/p>\n<p style=\"text-align: center;\"><strong>tunombre@tuempresa.com<\/strong><\/p>\n<p>Mejora la impresion y el impacto de marca a los clientes potenciales, incluir el nombre de tu empresa en el dominio ayuda a crear y mejorar la sensasi\u00f3n de seguridad y confianza. Este servicio puede ser independiente de el servicio de una pagina o sitio web.[\/vc_column_text]<div class=\"standard-arrow list-divider bullet-top\"><ul>\n<li>Confianza y seriedad<\/li>\n<li>Multiples cuentas<\/li>\n<li>Brinda identidad corporativa<\/li>\n<li>Gesti\u00f3n \u00e1gil y flexible del correo<\/li>\n<\/ul>\n<\/div>[\/vc_column][vc_column width=&#8221;1\/2&#8243;][vc_single_image image=&#8221;1701&#8243; img_size=&#8221;full&#8221; alignment=&#8221;center&#8221;][\/vc_column][\/vc_row][vc_row full_width=&#8221;stretch_row&#8221; content_placement=&#8221;middle&#8221; bg_type=&#8221;bg_color&#8221; bg_color_value=&#8221;#3a5dae&#8221;][vc_column css=&#8221;.vc_custom_1676426304650{padding-bottom: 100px !important;}&#8221;]<div id=\"ultimate-heading-876469fc801d2dd66\" class=\"uvc-heading ult-adjust-bottom-margin ultimate-heading-876469fc801d2dd66 uvc-9272  uvc-heading-default-font-sizes\" data-hspacer=\"no_spacer\"  data-halign=\"center\" style=\"text-align:center\"><div class=\"uvc-heading-spacer no_spacer\" style=\"top\"><\/div><div class=\"uvc-main-heading ult-responsive\"  data-ultimate-target='.uvc-heading.ultimate-heading-876469fc801d2dd66 h2'  data-responsive-json-new='{\"font-size\":\"\",\"line-height\":\"\"}' ><h2 style=\"--font-weight:theme;color:#ffffff;\">SOLICITA PRESUPUESTO SIN COMPROMISO<\/h2><\/div><\/div><style type=\"text\/css\" data-type=\"the7_shortcodes-inline-css\">#default-btn-10d1028bb62c0cf67e32be8da9bb3db1.ico-right-side > i {\n  margin-right: 0px;\n  margin-left: 8px;\n}\n#default-btn-10d1028bb62c0cf67e32be8da9bb3db1 > i {\n  margin-right: 8px;\n}\n<\/style><div class=\"btn-align-center\"><a href=\"https:\/\/arpiproducciones.com\/index.php\/contacto\/\" class=\"default-btn-shortcode dt-btn dt-btn-l link-hover-off  vc_custom_1676426486947\" id=\"default-btn-10d1028bb62c0cf67e32be8da9bb3db1\"><span>SOLICITAR PRESUPUESTO<\/span><\/a><\/div>[\/vc_column][\/vc_row]<\/p>\n<\/div>","protected":false},"excerpt":{"rendered":"<p>[vc_row css=&#8221;.vc_custom_1746665510183{margin-top: 75px !important;}&#8221;][vc_column][vc_column_text css=&#8221;&#8221;]Bajo nuestra direcci\u00f3n creativa y la ejecuci\u00f3n impecable de nuestro aliado estrat\u00e9gico, ayudamos a nuestros clientes a hacerse notar y lograr que los conozcan. Contar con un sitio web eleva su prestigio y a la vez permite que los clientes aumenten su nivel de confianza en su negocio, proyecto o marca.&hellip;<\/p>\n","protected":false},"author":1,"featured_media":0,"parent":1617,"menu_order":9,"comment_status":"closed","ping_status":"closed","template":"","meta":[],"_links":{"self":[{"href":"https:\/\/arpiproducciones.com\/index.php\/wp-json\/wp\/v2\/pages\/1686"}],"collection":[{"href":"https:\/\/arpiproducciones.com\/index.php\/wp-json\/wp\/v2\/pages"}],"about":[{"href":"https:\/\/arpiproducciones.com\/index.php\/wp-json\/wp\/v2\/types\/page"}],"author":[{"embeddable":true,"href":"https:\/\/arpiproducciones.com\/index.php\/wp-json\/wp\/v2\/users\/1"}],"replies":[{"embeddable":true,"href":"https:\/\/arpiproducciones.com\/index.php\/wp-json\/wp\/v2\/comments?post=1686"}],"version-history":[{"count":14,"href":"https:\/\/arpiproducciones.com\/index.php\/wp-json\/wp\/v2\/pages\/1686\/revisions"}],"predecessor-version":[{"id":1802,"href":"https:\/\/arpiproducciones.com\/index.php\/wp-json\/wp\/v2\/pages\/1686\/revisions\/1802"}],"up":[{"embeddable":true,"href":"https:\/\/arpiproducciones.com\/index.php\/wp-json\/wp\/v2\/pages\/1617"}],"wp:attachment":[{"href":"https:\/\/arpiproducciones.com\/index.php\/wp-json\/wp\/v2\/media?parent=1686"}],"curies":[{"name":"wp","href":"https:\/\/api.w.org\/{rel}","templated":true}]}}